{"id":2066,"date":"2019-08-31T12:34:42","date_gmt":"2019-08-31T12:34:42","guid":{"rendered":"https:\/\/www.tteg.hr\/about-us-2\/"},"modified":"2021-07-30T07:41:23","modified_gmt":"2021-07-30T07:41:23","slug":"ueber-uns","status":"publish","type":"page","link":"https:\/\/www.tteg.hr\/de\/ueber-uns\/","title":{"rendered":"\u00dcber uns"},"content":{"rendered":"<p>[vc_row equal_height=&#8221;yes&#8221; content_placement=&#8221;top&#8221; disable_custom_paddings_tablet=&#8221;true&#8221; disable_custom_paddings_mobile=&#8221;true&#8221; css=&#8221;.vc_custom_1567258492108{margin-top: 50px !important;}&#8221;][vc_column offset=&#8221;vc_col-lg-4 vc_col-md-4&#8243;]<div class=\"lazy-loading\" data-ll-item-delay=\"0\"><div class=\"gem-textbox  lazy-loading-item centered-box\"  data-ll-effect=\"move-up\" ><div class=\"gem-textbox-inner\" style=\"\"><div class=\"gem-textbox-content\" style=\"background-color: #ffffff;background-position: center top;padding-top: 60px;padding-bottom: 50px;\"><div class=\"centered-box\"><div class=\"gem-icon gem-icon-pack-material gem-icon-size-medium  gem-icon-shape-circle gem-simple-icon\"  style=\"opacity: 1;\"><div class=\"gem-icon-inner\" style=\"\"><span class=\"gem-icon-half-1\" style=\"color: #00bcd4;\"><span class=\"back-angle\">&#xf1b0;<\/span><\/span><span class=\"gem-icon-half-2\" style=\"color: #00bcd4;\"><span class=\"back-angle\">&#xf1b0;<\/span><\/span><\/div><\/div><\/div><div class=\"clearboth\"><\/div><div class=\"gem-divider \" style=\"margin-top: 50px;\"><\/div>[vc_column_text]<\/p>\n<div class=\"title-h5\">Materialien in bester Qualit\u00e4t<\/div>\n<p>[\/vc_column_text]<\/div><\/div><\/div><\/div>[\/vc_column][vc_column offset=&#8221;vc_col-lg-4 vc_col-md-4&#8243;]<div class=\"lazy-loading\" data-ll-item-delay=\"0\"><div class=\"gem-textbox  lazy-loading-item centered-box\"  data-ll-effect=\"move-up\" ><div class=\"gem-textbox-inner\" style=\"\"><div class=\"gem-textbox-content\" style=\"background-color: #ffffff;background-position: center top;padding-top: 60px;padding-bottom: 50px;\"><div class=\"centered-box\"><div class=\"gem-icon gem-icon-pack-material gem-icon-size-medium  gem-icon-shape-circle gem-simple-icon\"  style=\"opacity: 1;\"><div class=\"gem-icon-inner\" style=\"\"><span class=\"gem-icon-half-1\" style=\"color: #00bcd4;\"><span class=\"back-angle\">&#xf10e;<\/span><\/span><span class=\"gem-icon-half-2\" style=\"color: #00bcd4;\"><span class=\"back-angle\">&#xf10e;<\/span><\/span><\/div><\/div><\/div><div class=\"clearboth\"><\/div><div class=\"gem-divider \" style=\"margin-top: 50px;\"><\/div>[vc_column_text]<\/p>\n<div class=\"title-h5\">Individuelle W\u00fcnsche erf\u00fcllen<\/div>\n<p>[\/vc_column_text]<\/div><\/div><\/div><\/div>[\/vc_column][vc_column offset=&#8221;vc_col-lg-4 vc_col-md-4&#8243;]<div class=\"lazy-loading\" data-ll-item-delay=\"0\"><div class=\"gem-textbox  lazy-loading-item centered-box\"  data-ll-effect=\"move-up\" ><div class=\"gem-textbox-inner\" style=\"\"><div class=\"gem-textbox-content\" style=\"background-color: #ffffff;background-position: center top;padding-top: 60px;padding-bottom: 50px;\"><div class=\"centered-box\"><div class=\"gem-icon gem-icon-pack-material gem-icon-size-medium  gem-icon-shape-circle gem-simple-icon\"  style=\"opacity: 1;\"><div class=\"gem-icon-inner\" style=\"\"><span class=\"gem-icon-half-1\" style=\"color: #00bcd4;\"><span class=\"back-angle\">&#xf296;<\/span><\/span><span class=\"gem-icon-half-2\" style=\"color: #00bcd4;\"><span class=\"back-angle\">&#xf296;<\/span><\/span><\/div><\/div><\/div><div class=\"clearboth\"><\/div><div class=\"gem-divider \" style=\"margin-top: 50px;\"><\/div>[vc_column_text]<\/p>\n<div class=\"title-h5\">Zuverl\u00e4ssig und hochwertig<\/div>\n<p>[\/vc_column_text]<\/div><\/div><\/div><\/div>[\/vc_column][\/vc_row][vc_row css=&#8221;.vc_custom_1568031658475{margin-top: 100px !important;}&#8221; el_id=&#8221;details&#8221;][vc_column el_class=&#8221;big-index&#8221; offset=&#8221;vc_col-lg-6 vc_col-md-6&#8243;][vc_column_text css_animation=&#8221;bottom-to-top&#8221;]<\/p>\n<div class=\"title-h6\"><span style=\"color: #b6bfc5;\">Wir lieben unsere Arbeit<\/span><\/div>\n<p>[\/vc_column_text][vc_column_text css_animation=&#8221;bottom-to-top&#8221;]<\/p>\n<div class=\"title-h1\">T.T.E.G. <span class=\"light\">d.o.o.<\/span><\/div>\n<p>[\/vc_column_text][vc_column_text css_animation=&#8221;bottom-to-top&#8221;]Das Unternehmen T.T.E.G. d.o.o. wurde im Jahr 1993 in der Stadt Rijeka, gegr\u00fcndet.<\/p>\n<p>Es besch\u00e4ftigt sich mit Wohnungsbau f\u00fcr den Markt und Umbau der bestehenden Objekte.<\/p>\n<p>Wir gehen vom Standpunkt aus, dass der Kauf einer Wohnung f\u00fcr jeden Menschen eine wichtige Entscheidung ist und vor allem eine grosse Investition, daher ist unser Ziel auf dem Markt Wohnungen anzubieten die eben allen Ihren Anspr\u00fcchen zutreffen.<\/p>\n<p>Um den heutigen, modernen Anspr\u00fcchen des Wohnens gerecht zu werden, wird bereits auf die Auswahl der Lokation geachtet. Der Vorteil der von uns ausgesuchten Lokations f\u00fcr den Bau der Wohnungen ist eine gute Verkehrsinfrastruktur, die N\u00e4he der \u00f6ffentlichen Verkehrsmittel, Kinderg\u00e4rten, Schulen und \u00e4hnliches und zugleich erm\u00f6glichen diese Lokations ein angenehmes und ruhiges Wohnen. Unsere Immobilien befinden sich auf den Top-Destinationen an der Adriak\u00fcste die in der N\u00e4he von Hauptstadt Zagreb und anderen Westeurop\u00e4ischen L\u00e4ndern sind.<\/p>\n<p>Um auch die kleinsten W\u00fcnsche des einzelnen Wohneigent\u00fcmers erf\u00fcllen zu k\u00f6nnen, gehen wir in den einzelnen Phasen des Baus auf Ihre individuellen W\u00fcnsche ein, wenn es um die Organisation und die Einrichtung der R\u00e4umlichkeiten geht. .<\/p>\n<p><em>Wir beaufsichtigen jedes Segment der Bauarbeiten und suchen uns die von der Qualit\u00e4t besten Werkstoffe und Arbeitstechnologien aus, um ein m\u00f6glichst langes Fortbestehen des Baus versichern zu k\u00f6nnen.<\/em><\/p>\n<p>In unserem Angebot finden Sie eine dauerhafte und zuverl\u00e4ssige Immobilie hoher Qualit\u00e4t, die jeder Investition gerecht ist und Ihren Erwartungen entspricht..[\/vc_column_text]<style type=\"text\/css\">.thegem-button-69e753a0d03924309.lazy-loading-before-start-animation .lazy-loading-item {opacity: 0;}<\/style><div class=\"gem-button-container gem-button-position-inline thegem-button-69e753a0d03924309 lazy-loading lazy-loading-before-start-animation\" ><a class=\"gem-button gem-button-size-medium gem-button-style-flat gem-button-text-weight-normal lazy-loading-item\"data-ll-effect=\"drop-right-without-wrap\" style=\"border-radius: 0px;background-color: #00bcd4;color: #ffffff;\" onmouseleave=\"this.style.backgroundColor='#00bcd4';this.style.color='#ffffff';\" onmouseenter=\"this.style.backgroundColor='#393d50';this.style.color='#ffffff';\" href=\"https:\/\/www.tteg.hr\/de\/verweise\/\" target=\"_self\">Verweise<\/a><\/div> [\/vc_column][vc_column el_class=&#8221;big-index&#8221; offset=&#8221;vc_col-lg-6 vc_col-md-6&#8243;]<div class=\"gem-image gem-wrapbox gem-wrapbox-style-default gem-wrapbox-position-right lazy-loading\"  style=\"\"><div class=\"gem-wrapbox-inner  lazy-loading-item\"  data-ll-effect=\"move-up\"><img decoding=\"async\" class=\"gem-wrapbox-element img-responsive\" src=\"https:\/\/www.tteg.hr\/wp-content\/uploads\/2021\/07\/about-us-little.jpg\" alt=\"\"\/><\/div><\/div><div class=\"clearboth\"><\/div><div class=\"gem-divider \" style=\"margin-top: 50px;\"><\/div>[\/vc_column][vc_column css=&#8221;.vc_custom_1568036597450{margin-top: 0px !important;margin-bottom: -300px !important;padding-top: 0px !important;padding-bottom: 0px !important;background-color: #ffffff !important;}&#8221; el_class=&#8221;small-index&#8221; offset=&#8221;vc_hidden-sm vc_hidden-xs&#8221;][\/vc_column][\/vc_row]<\/p>\n","protected":false},"excerpt":{"rendered":"<p>[vc_row equal_height=&#8221;yes&#8221; content_placement=&#8221;top&#8221; disable_custom_paddings_tablet=&#8221;true&#8221; disable_custom_paddings_mobile=&#8221;true&#8221; css=&#8221;.vc_custom_1567258492108{margin-top: 50px !important;}&#8221;][vc_column offset=&#8221;vc_col-lg-4 vc_col-md-4&#8243;][\/vc_column][vc_column offset=&#8221;vc_col-lg-4 vc_col-md-4&#8243;][\/vc_column][vc_column offset=&#8221;vc_col-lg-4 vc_col-md-4&#8243;][\/vc_column][\/vc_row][vc_row css=&#8221;.vc_custom_1568031658475{margin-top: 100px !important;}&#8221; el_id=&#8221;details&#8221;][vc_column el_class=&#8221;big-index&#8221; offset=&#8221;vc_col-lg-6&#8230;<\/p>\n","protected":false},"author":1,"featured_media":0,"parent":0,"menu_order":0,"comment_status":"closed","ping_status":"closed","template":"","meta":{"footnotes":""},"class_list":["post-2066","page","type-page","status-publish"],"_links":{"self":[{"href":"https:\/\/www.tteg.hr\/de\/wp-json\/wp\/v2\/pages\/2066","targetHints":{"allow":["GET"]}}],"collection":[{"href":"https:\/\/www.tteg.hr\/de\/wp-json\/wp\/v2\/pages"}],"about":[{"href":"https:\/\/www.tteg.hr\/de\/wp-json\/wp\/v2\/types\/page"}],"author":[{"embeddable":true,"href":"https:\/\/www.tteg.hr\/de\/wp-json\/wp\/v2\/users\/1"}],"replies":[{"embeddable":true,"href":"https:\/\/www.tteg.hr\/de\/wp-json\/wp\/v2\/comments?post=2066"}],"version-history":[{"count":5,"href":"https:\/\/www.tteg.hr\/de\/wp-json\/wp\/v2\/pages\/2066\/revisions"}],"predecessor-version":[{"id":2123,"href":"https:\/\/www.tteg.hr\/de\/wp-json\/wp\/v2\/pages\/2066\/revisions\/2123"}],"wp:attachment":[{"href":"https:\/\/www.tteg.hr\/de\/wp-json\/wp\/v2\/media?parent=2066"}],"curies":[{"name":"wp","href":"https:\/\/api.w.org\/{rel}","templated":true}]}}