{"id":2065,"date":"2019-08-31T12:34:42","date_gmt":"2019-08-31T12:34:42","guid":{"rendered":"https:\/\/www.tteg.hr\/about-us-2\/"},"modified":"2021-07-30T11:47:47","modified_gmt":"2021-07-30T11:47:47","slug":"o-nama","status":"publish","type":"page","link":"https:\/\/www.tteg.hr\/hr\/o-nama\/","title":{"rendered":"O nama"},"content":{"rendered":"<p>[vc_row equal_height=&#8221;yes&#8221; content_placement=&#8221;top&#8221; disable_custom_paddings_tablet=&#8221;true&#8221; disable_custom_paddings_mobile=&#8221;true&#8221; css=&#8221;.vc_custom_1567258492108{margin-top: 50px !important;}&#8221;][vc_column offset=&#8221;vc_col-lg-4 vc_col-md-4&#8243;]<div class=\"lazy-loading\" data-ll-item-delay=\"0\"><div class=\"gem-textbox  lazy-loading-item centered-box\"  data-ll-effect=\"move-up\" ><div class=\"gem-textbox-inner\" style=\"\"><div class=\"gem-textbox-content\" style=\"background-color: #ffffff;background-position: center top;padding-top: 60px;padding-bottom: 50px;\"><div class=\"centered-box\"><div class=\"gem-icon gem-icon-pack-material gem-icon-size-medium  gem-icon-shape-circle gem-simple-icon\"  style=\"opacity: 1;\"><div class=\"gem-icon-inner\" style=\"\"><span class=\"gem-icon-half-1\" style=\"color: #00bcd4;\"><span class=\"back-angle\">&#xf1b0;<\/span><\/span><span class=\"gem-icon-half-2\" style=\"color: #00bcd4;\"><span class=\"back-angle\">&#xf1b0;<\/span><\/span><\/div><\/div><\/div><div class=\"clearboth\"><\/div><div class=\"gem-divider \" style=\"margin-top: 50px;\"><\/div>[vc_column_text]<\/p>\n<div class=\"title-h5\">MATERIJALI NAJBOLJE KVALITETE<\/div>\n<p>[\/vc_column_text]<\/div><\/div><\/div><\/div>[\/vc_column][vc_column offset=&#8221;vc_col-lg-4 vc_col-md-4&#8243;]<div class=\"lazy-loading\" data-ll-item-delay=\"0\"><div class=\"gem-textbox  lazy-loading-item centered-box\"  data-ll-effect=\"move-up\" ><div class=\"gem-textbox-inner\" style=\"\"><div class=\"gem-textbox-content\" style=\"background-color: #ffffff;background-position: center top;padding-top: 60px;padding-bottom: 50px;\"><div class=\"centered-box\"><div class=\"gem-icon gem-icon-pack-material gem-icon-size-medium  gem-icon-shape-circle gem-simple-icon\"  style=\"opacity: 1;\"><div class=\"gem-icon-inner\" style=\"\"><span class=\"gem-icon-half-1\" style=\"color: #00bcd4;\"><span class=\"back-angle\">&#xf10e;<\/span><\/span><span class=\"gem-icon-half-2\" style=\"color: #00bcd4;\"><span class=\"back-angle\">&#xf10e;<\/span><\/span><\/div><\/div><\/div><div class=\"clearboth\"><\/div><div class=\"gem-divider \" style=\"margin-top: 50px;\"><\/div>[vc_column_text]<\/p>\n<div class=\"title-h5\">Ispunjavanje individualnog zahtjeva<\/div>\n<p>[\/vc_column_text]<\/div><\/div><\/div><\/div>[\/vc_column][vc_column offset=&#8221;vc_col-lg-4 vc_col-md-4&#8243;]<div class=\"lazy-loading\" data-ll-item-delay=\"0\"><div class=\"gem-textbox  lazy-loading-item centered-box\"  data-ll-effect=\"move-up\" ><div class=\"gem-textbox-inner\" style=\"\"><div class=\"gem-textbox-content\" style=\"background-color: #ffffff;background-position: center top;padding-top: 60px;padding-bottom: 50px;\"><div class=\"centered-box\"><div class=\"gem-icon gem-icon-pack-material gem-icon-size-medium  gem-icon-shape-circle gem-simple-icon\"  style=\"opacity: 1;\"><div class=\"gem-icon-inner\" style=\"\"><span class=\"gem-icon-half-1\" style=\"color: #00bcd4;\"><span class=\"back-angle\">&#xf296;<\/span><\/span><span class=\"gem-icon-half-2\" style=\"color: #00bcd4;\"><span class=\"back-angle\">&#xf296;<\/span><\/span><\/div><\/div><\/div><div class=\"clearboth\"><\/div><div class=\"gem-divider \" style=\"margin-top: 50px;\"><\/div>[vc_column_text]<\/p>\n<div class=\"title-h5\">Pouzdano i kvalitetno<\/div>\n<p>[\/vc_column_text]<div class=\"clearboth\"><\/div><div class=\"gem-divider \" style=\"margin-top: 30px;\"><\/div><\/div><\/div><\/div><\/div>[\/vc_column][\/vc_row][vc_row css=&#8221;.vc_custom_1568031658475{margin-top: 100px !important;}&#8221; el_id=&#8221;details&#8221;][vc_column el_class=&#8221;big-index&#8221; offset=&#8221;vc_col-lg-6 vc_col-md-6&#8243;][vc_column_text css_animation=&#8221;bottom-to-top&#8221;]<\/p>\n<div class=\"title-h6\"><span style=\"color: #b6bfc5;\">VOLIMO NA\u0160 RAD<\/span><\/div>\n<p>[\/vc_column_text][vc_column_text css_animation=&#8221;bottom-to-top&#8221;]<\/p>\n<div class=\"title-h1\">T.T.E.G. <span class=\"light\">d.o.o.<\/span><\/div>\n<p>[\/vc_column_text][vc_column_text css_animation=&#8221;bottom-to-top&#8221;]<strong><em>Tvrtka T.T.E.G. d.o.o. osnovana je 1993. god. U Rijeci.<\/em><\/strong><\/p>\n<p>Glavna djelatnost tvrtke je<strong>\u00a0visokogradnja<\/strong>. Izvodimo gradnju stambenih objekata za tr\u017ei\u0161te.<\/p>\n<p>Polaze\u0107i od stava da je za svakoga \u010dovjeka kupnja stana va\u017ena odluka i prije svega veliko ulaganje, na\u0161 je cilj ponuditi na tr\u017ei\u0161tu stanove koji \u0107e odgovoriti na\u00a0<strong>sve va\u0161e zahtjeve<\/strong>.<\/p>\n<p>Posebnu pa\u017enju poklanjamo odabiru lokacija koje imaju kvalitetno rije\u0161enu prometnu i komunalnu infrastrukturu \u010dime se omogu\u0107ava ugodno i mirno stanovanje. Na\u0161i objekti su locirani na destinacijama koje su vrlo blizu Zagrebu, ali i ostalim zapadnoeuropskim dr\u017eavama.<\/p>\n<p>Za potpuno zadovoljstvo svakog budu\u0107eg vlasnika stana ispunit \u0107emo i njegove individualne zahtjeve u pogledu organizacije i ure\u0111enja prostora stanovanja, u pojedinim fazama gradnje.<\/p>\n<p><strong><em>Stanove gradimo uz odabir\u00a0najkvalitetnijih materijala\u00a0i tehnologija koji \u0107e osigurati dugotrajnost zgrade.<\/em><\/strong><\/p>\n<p>U na\u0161oj ponudi mo\u017eete na\u0107i trajnu i pouzdanu\u00a0<strong>nekretninu visoke kvalitete<\/strong>\u00a0koja \u0107e u svemu opravdati ulaganje i zadovoljiti va\u0161a o\u010dekivanja.[\/vc_column_text]<style type=\"text\/css\">.thegem-button-69e491577204b3454.lazy-loading-before-start-animation .lazy-loading-item {opacity: 0;}<\/style><div class=\"gem-button-container gem-button-position-inline thegem-button-69e491577204b3454 lazy-loading lazy-loading-before-start-animation\" ><a class=\"gem-button gem-button-size-medium gem-button-style-flat gem-button-text-weight-normal lazy-loading-item\"data-ll-effect=\"drop-right-without-wrap\" style=\"border-radius: 0px;background-color: #00bcd4;color: #ffffff;\" onmouseleave=\"this.style.backgroundColor='#00bcd4';this.style.color='#ffffff';\" onmouseenter=\"this.style.backgroundColor='#393d50';this.style.color='#ffffff';\" href=\"https:\/\/www.tteg.hr\/references\/\" target=\"_self\">reference<\/a><\/div> [\/vc_column][vc_column el_class=&#8221;big-index&#8221; offset=&#8221;vc_col-lg-6 vc_col-md-6&#8243;]<div class=\"gem-image gem-wrapbox gem-wrapbox-style-default gem-wrapbox-position-right lazy-loading\"  style=\"\"><div class=\"gem-wrapbox-inner  lazy-loading-item\"  data-ll-effect=\"move-up\"><img decoding=\"async\" class=\"gem-wrapbox-element img-responsive\" src=\"https:\/\/www.tteg.hr\/wp-content\/uploads\/2021\/07\/about-us-little.jpg\" alt=\"\"\/><\/div><\/div><div class=\"clearboth\"><\/div><div class=\"gem-divider \" style=\"margin-top: 50px;\"><\/div>[\/vc_column][vc_column css=&#8221;.vc_custom_1568036597450{margin-top: 0px !important;margin-bottom: -300px !important;padding-top: 0px !important;padding-bottom: 0px !important;background-color: #ffffff !important;}&#8221; el_class=&#8221;small-index&#8221; offset=&#8221;vc_hidden-sm vc_hidden-xs&#8221;][\/vc_column][\/vc_row]<\/p>\n","protected":false},"excerpt":{"rendered":"<p>[vc_row equal_height=&#8221;yes&#8221; content_placement=&#8221;top&#8221; disable_custom_paddings_tablet=&#8221;true&#8221; disable_custom_paddings_mobile=&#8221;true&#8221; css=&#8221;.vc_custom_1567258492108{margin-top: 50px !important;}&#8221;][vc_column offset=&#8221;vc_col-lg-4 vc_col-md-4&#8243;][\/vc_column][vc_column offset=&#8221;vc_col-lg-4 vc_col-md-4&#8243;][\/vc_column][vc_column offset=&#8221;vc_col-lg-4 vc_col-md-4&#8243;][\/vc_column][\/vc_row][vc_row css=&#8221;.vc_custom_1568031658475{margin-top: 100px !important;}&#8221; el_id=&#8221;details&#8221;][vc_column el_class=&#8221;big-index&#8221; offset=&#8221;vc_col-lg-6&#8230;<\/p>\n","protected":false},"author":1,"featured_media":0,"parent":0,"menu_order":0,"comment_status":"closed","ping_status":"closed","template":"","meta":{"footnotes":""},"class_list":["post-2065","page","type-page","status-publish"],"_links":{"self":[{"href":"https:\/\/www.tteg.hr\/hr\/wp-json\/wp\/v2\/pages\/2065","targetHints":{"allow":["GET"]}}],"collection":[{"href":"https:\/\/www.tteg.hr\/hr\/wp-json\/wp\/v2\/pages"}],"about":[{"href":"https:\/\/www.tteg.hr\/hr\/wp-json\/wp\/v2\/types\/page"}],"author":[{"embeddable":true,"href":"https:\/\/www.tteg.hr\/hr\/wp-json\/wp\/v2\/users\/1"}],"replies":[{"embeddable":true,"href":"https:\/\/www.tteg.hr\/hr\/wp-json\/wp\/v2\/comments?post=2065"}],"version-history":[{"count":5,"href":"https:\/\/www.tteg.hr\/hr\/wp-json\/wp\/v2\/pages\/2065\/revisions"}],"predecessor-version":[{"id":2143,"href":"https:\/\/www.tteg.hr\/hr\/wp-json\/wp\/v2\/pages\/2065\/revisions\/2143"}],"wp:attachment":[{"href":"https:\/\/www.tteg.hr\/hr\/wp-json\/wp\/v2\/media?parent=2065"}],"curies":[{"name":"wp","href":"https:\/\/api.w.org\/{rel}","templated":true}]}}